{"id":3,"date":"2022-11-01T13:25:15","date_gmt":"2022-11-01T13:25:15","guid":{"rendered":"http:\/\/hostalnogueras3.com\/?page_id=3"},"modified":"2023-01-19T17:16:44","modified_gmt":"2023-01-19T17:16:44","slug":"politica-de-privacidad","status":"publish","type":"page","link":"https:\/\/hostalnogueras3.com\/en\/politica-de-privacidad\/","title":{"rendered":"Privacy Policy"},"content":{"rendered":"<div data-elementor-type=\"wp-page\" data-elementor-id=\"3\" class=\"elementor elementor-3\">\n\t\t\t\t\t\t<section class=\"elementor-section elementor-top-section elementor-element elementor-element-2b11b202 elementor-section-boxed elementor-section-height-default elementor-section-height-default\" data-id=\"2b11b202\" data-element_type=\"section\">\n\t\t\t\t\t\t<div class=\"elementor-container elementor-column-gap-default\">\n\t\t\t\t\t<div class=\"elementor-column elementor-col-100 elementor-top-column elementor-element elementor-element-7efdf523\" data-id=\"7efdf523\" data-element_type=\"column\">\n\t\t\t<div class=\"elementor-widget-wrap elementor-element-populated\">\n\t\t\t\t\t\t<div class=\"elementor-element elementor-element-7d1e047d elementor-widget elementor-widget-text-editor\" data-id=\"7d1e047d\" data-element_type=\"widget\" data-widget_type=\"text-editor.default\">\n\t\t\t\t<div class=\"elementor-widget-container\">\n\t\t\t\t\t\t\t\t\t<p><\/p>\n<p>Confidentiality and security are fundamental values of AMANTO SERVICIOS TOLEDO, SL and, therefore, we are committed to ensuring the privacy of the user at any time and not to collect unnecessary information. Below, we provide you with all the necessary information about our Privacy Policy in relation to the personal data we collect, explaining:<\/p>\n<ul>\n<li>Who is the data controller.<\/li>\n<li>How we use the information we collect from you.<\/li>\n<li>Which are the legitimate reasons for processing your data<\/li>\n<li>How long we keep your personal information<\/li>\n<li>To what recipients data is disclosed.<\/li>\n<li>What are your rights and how to exercise them.<\/li>\n<\/ul>\n<p>\u00a0<\/p>\n<p><strong>MANAGER<\/strong>: see information in the heading.<\/p>\n<p><strong>PURPOSES, LEGITIMISATION AND PRESERVATION<\/strong>\u00a0 of the processing of data sent through:<\/p>\n<ol>\n<li><strong>Contact form<\/strong><br \/><strong>Purpose<\/strong>: We provide you with a way to contact us and to respond to your requests for information, as well as to send you communications about our products, services and activities, including by electronic means (e-mail, SMS, etc.), if you tick the acceptance box. <strong>Legitimacy<\/strong>: The user's consent when requesting information through our contact form and by checking the box to accept the sending of information. <strong>Preservation<\/strong>: Once your request has been resolved through our form or answered by e-mail, if it has not generated a new treatment, and in case you have accepted to receive commercial mailings, until you request to unsubscribe from them.<\/li>\n<li><strong>E-mails sending<\/strong><br \/><strong>Purpose<\/strong>: Answering your requests for information, responding to your demands and answering your inquiries or doubts.\u00a0\u00a0In case we receive your Curriculum Vitae, your personal and curricular data may be part of our databases to participate in our present and future selection processes. <strong>Legitimacy<\/strong>: The user's consent when requesting information through e-mail or sending us their data and CV to participate in our selection processes. <strong>Preservation<\/strong>: Once your request has been answered by email, if it has not generated a new treatment. In case of receiving your CV, your data may be kept for a maximum period of one year, for future selection processes.<\/li>\n<\/ol>\n<p><strong>Obligation to provide us with your personal data and consequences of not doing so.<\/strong><\/p>\n<p><\/p>\n<p>The submission of personal data requires a minimum age of 14 years old or, if appropriate, the minimum age established by the applicable data protection regulations and\/or sufficient legal capacity to enter into a contract.<\/p>\n<p><\/p>\n<p>The personal data required are necessary to manage your requests, register you as a user in our site and\/or provide you with the services you may contract, therefore, if you do not provide them, we will not be able to attend you correctly or provide you with the service you have requested.<\/p>\n<p><\/p>\n<p>In any case, we reserve the right to decide whether or not to include your personal data and other information in our databases.\u00a0<\/p>\n<p><\/p>\n<p><strong>RECIPIENTS OF YOUR DATA.<\/strong><br \/>Your data is confidential and will not be disclosed to any third parties, unless there is a legal obligation.<\/p>\n<p><\/p>\n<p><strong>COOKIES<\/strong><br \/>This website may use cookies, but in no case do they process personal data, capture user browsing habits or are used for advertising purposes, and are therefore exempt from compliance with the obligations established in Article 22 of the Law on Information Society Services. Nevertheless, the user consents to the use of cookies that allow us to communicate between the user's computer and the network, provide a service specifically requested by the user, authentication or user identification (session only), provide user security, media player sessions, load balancing sessions, customization of the user interface and plug-ins and exchange social content. However, the user can disable and\/or delete these cookies by following the instructions of his Internet browser.<\/p>\n<p><\/p>\n<p><strong>PRIVACY RIGHTS RELATED TO YOUR PERSONAL DATA.<\/strong><br \/>Any person may withdraw their consent at any time, when it has been given for the processing of their data. In any case, the withdrawal of this consent does not affect the execution of the subscription contract or the relationships previously generated.<\/p>\n<p><\/p>\n<p>You may also exercise the following rights:<\/p>\n<p><\/p>\n<p>\uf0b7 Request access to your personal data or its rectification when they are inaccurate.<\/p>\n<p><\/p>\n<p>\uf0b7 Request their elimination when, among other reasons, the data are no longer necessary for the purposes for which they were collected.<\/p>\n<p><\/p>\n<p>\uf0b7 Request a restriction of your treatment in certain circumstances.<\/p>\n<p><\/p>\n<p>\uf0b7 Request opposition to the processing of your data for reasons related to your particular situation.<\/p>\n<p><\/p>\n<p>\uf0b7 Request data portability in the cases provided for in the regulations.<\/p>\n<p><\/p>\n<p>\uf0b7 Other rights recognized in the applicable regulations.<\/p>\n<p><\/p>\n<p><strong>Where and how to apply for your Rights:<\/strong> By writing to the data controller at his postal or e-mail address (indicated in section A), indicating the reference \"Personal Data\", specifying the right to be exercised and with respect to which personal data.<\/p>\n<p><\/p>\n<p>In case of disagreement with the company regarding the processing of your data, you can submit a complaint with the Data Protection Agency (www.agpd.es).<\/p>\n<p><\/p>\n<p><strong>PERSONAL DATA SECURITY<\/strong><br \/>In order to safeguard the security of your personal data, we inform you that we have taken all necessary technical and organizational measures to ensure the security of the personal data provided from alteration, loss and unauthorized processing or access.<\/p>\n<p><\/p>\n<p><strong>UPDATING YOUR DATA<\/strong><br \/>In order for us to keep your personal data updated, it is important that you inform us whenever there has been any change in them, otherwise, we are not responsible for the veracity of them.<br \/>We are not responsible for the privacy policy regarding personal data that you may provide to third parties through links available on our website.<br \/>This Privacy Policy has been modified on January 19, 2023 and may be modified to adapt to changes that occur on our website, as well as legislative or jurisprudential changes on personal data that appear, so it requires reading each time you provide us with your data through this website.<\/p>\n<p><strong>RESPONSIBILITIES<\/strong><br \/>By making this Web page available to the user, we want to offer a quality service, using the maximum effort in the provision of the same, as well as in the technological means used. However, we are not responsible for the presence of viruses and other elements that may in any way damage the user's computer system.<\/p>\n<p><\/p>\n<p>We do not guarantee that service availability will be continuous and uninterrupted.<\/p>\n<p>The USER is not allowed to perform any action on our website that causes an excessive overload of our computer systems, as well as the introduction of viruses, installation of robots, or software that may alter the normal operation of our website, or ultimately may cause damage to our computer systems.<\/p>\n<p><\/p>\n<p>The USER accepts full responsibility for the use of this website.<\/p>\n<p>The USER acknowledges that he\/she has understood all the information regarding the conditions of use of our website, and acknowledges that they are sufficient for the exclusion of the error in them, and therefore, accepts them fully and expressly.<\/p>\n<p><\/p>\n<p><!-- \/wp:list --><\/p>\t\t\t\t\t\t\t\t<\/div>\n\t\t\t\t<\/div>\n\t\t\t\t\t<\/div>\n\t\t<\/div>\n\t\t\t\t\t<\/div>\n\t\t<\/section>\n\t\t\t\t<\/div>","protected":false},"excerpt":{"rendered":"<p>La confidencialidad y la seguridad son valores primordiales de AMANTO SERVICIOS TOLEDO, SL y, en consecuencia, asumimos el compromiso de garantizar la privacidad del Usuario en todo momento y de no recabar informaci\u00f3n innecesaria. A continuaci\u00f3n, le proporcionamos toda la informaci\u00f3n necesaria sobre nuestra Pol\u00edtica de Privacidad en relaci\u00f3n con los datos personales que recabamos,&#46;&#46;&#46;<\/p>","protected":false},"author":14,"featured_media":0,"parent":0,"menu_order":0,"comment_status":"closed","ping_status":"closed","template":"elementor_theme","meta":{"_eb_attr":"","footnotes":""},"yoast_head":"<!-- This site is optimized with the Yoast SEO plugin v22.6 - https:\/\/yoast.com\/wordpress\/plugins\/seo\/ -->\n<title>Pol\u00edtica de Privacidad - Hostal Nogueras 3<\/title>\n<meta name=\"robots\" content=\"index, follow, max-snippet:-1, max-image-preview:large, max-video-preview:-1\" \/>\n<link rel=\"canonical\" href=\"https:\/\/hostalnogueras3.com\/en\/politica-de-privacidad\/\" \/>\n<meta property=\"og:locale\" content=\"en_GB\" \/>\n<meta property=\"og:type\" content=\"article\" \/>\n<meta property=\"og:title\" content=\"Pol\u00edtica de Privacidad - Hostal Nogueras 3\" \/>\n<meta property=\"og:description\" content=\"La confidencialidad y la seguridad son valores primordiales de AMANTO SERVICIOS TOLEDO, SL y, en consecuencia, asumimos el compromiso de garantizar la privacidad del Usuario en todo momento y de no recabar informaci\u00f3n innecesaria. A continuaci\u00f3n, le proporcionamos toda la informaci\u00f3n necesaria sobre nuestra Pol\u00edtica de Privacidad en relaci\u00f3n con los datos personales que recabamos,&#046;&#046;&#046;\" \/>\n<meta property=\"og:url\" content=\"https:\/\/hostalnogueras3.com\/en\/politica-de-privacidad\/\" \/>\n<meta property=\"og:site_name\" content=\"Hostal Nogueras 3\" \/>\n<meta property=\"article:publisher\" content=\"https:\/\/www.facebook.com\/people\/Hostal-Nogueras-3\/100090153330757\/\" \/>\n<meta property=\"article:modified_time\" content=\"2023-01-19T17:16:44+00:00\" \/>\n<meta name=\"twitter:card\" content=\"summary_large_image\" \/>\n<meta name=\"twitter:label1\" content=\"Estimated reading time\" \/>\n\t<meta name=\"twitter:data1\" content=\"6 minutes\" \/>\n<script type=\"application\/ld+json\" class=\"yoast-schema-graph\">{\"@context\":\"https:\/\/schema.org\",\"@graph\":[{\"@type\":\"WebPage\",\"@id\":\"https:\/\/hostalnogueras3.com\/politica-de-privacidad\/\",\"url\":\"https:\/\/hostalnogueras3.com\/politica-de-privacidad\/\",\"name\":\"Pol\u00edtica de Privacidad - Hostal Nogueras 3\",\"isPartOf\":{\"@id\":\"https:\/\/hostalnogueras3.com\/es_es\/#website\"},\"datePublished\":\"2022-11-01T13:25:15+00:00\",\"dateModified\":\"2023-01-19T17:16:44+00:00\",\"breadcrumb\":{\"@id\":\"https:\/\/hostalnogueras3.com\/politica-de-privacidad\/#breadcrumb\"},\"inLanguage\":\"en-GB\",\"potentialAction\":[{\"@type\":\"ReadAction\",\"target\":[\"https:\/\/hostalnogueras3.com\/politica-de-privacidad\/\"]}]},{\"@type\":\"BreadcrumbList\",\"@id\":\"https:\/\/hostalnogueras3.com\/politica-de-privacidad\/#breadcrumb\",\"itemListElement\":[{\"@type\":\"ListItem\",\"position\":1,\"name\":\"Home\",\"item\":\"https:\/\/hostalnogueras3.com\/\"},{\"@type\":\"ListItem\",\"position\":2,\"name\":\"Pol\u00edtica de Privacidad\"}]},{\"@type\":\"WebSite\",\"@id\":\"https:\/\/hostalnogueras3.com\/es_es\/#website\",\"url\":\"https:\/\/hostalnogueras3.com\/es_es\/\",\"name\":\"Hostal Nogueras 3\",\"description\":\"SIEMPRE HAY TIEMPO PARA UN BUEN DESCANSO\",\"publisher\":{\"@id\":\"https:\/\/hostalnogueras3.com\/es_es\/#organization\"},\"potentialAction\":[{\"@type\":\"SearchAction\",\"target\":{\"@type\":\"EntryPoint\",\"urlTemplate\":\"https:\/\/hostalnogueras3.com\/es_es\/?s={search_term_string}\"},\"query-input\":\"required name=search_term_string\"}],\"inLanguage\":\"en-GB\"},{\"@type\":\"Organization\",\"@id\":\"https:\/\/hostalnogueras3.com\/es_es\/#organization\",\"name\":\"HOSTAL NOGUERAS3\",\"url\":\"https:\/\/hostalnogueras3.com\/es_es\/\",\"logo\":{\"@type\":\"ImageObject\",\"inLanguage\":\"en-GB\",\"@id\":\"https:\/\/hostalnogueras3.com\/es_es\/#\/schema\/logo\/image\/\",\"url\":\"http:\/\/hostalnogueras3.com\/wp-content\/uploads\/2022\/11\/FAVICON-HostalNogueras3..png\",\"contentUrl\":\"http:\/\/hostalnogueras3.com\/wp-content\/uploads\/2022\/11\/FAVICON-HostalNogueras3..png\",\"width\":6047,\"height\":6047,\"caption\":\"HOSTAL NOGUERAS3\"},\"image\":{\"@id\":\"https:\/\/hostalnogueras3.com\/es_es\/#\/schema\/logo\/image\/\"},\"sameAs\":[\"https:\/\/www.facebook.com\/people\/Hostal-Nogueras-3\/100090153330757\/\",\"https:\/\/api.whatsapp.com\/send\/?phone=34644153813&text=Hola&type=phone_number&app_absent=0\"]}]}<\/script>\n<!-- \/ Yoast SEO plugin. -->","yoast_head_json":{"title":"Pol\u00edtica de Privacidad - Hostal Nogueras 3","robots":{"index":"index","follow":"follow","max-snippet":"max-snippet:-1","max-image-preview":"max-image-preview:large","max-video-preview":"max-video-preview:-1"},"canonical":"https:\/\/hostalnogueras3.com\/en\/politica-de-privacidad\/","og_locale":"en_GB","og_type":"article","og_title":"Pol\u00edtica de Privacidad - Hostal Nogueras 3","og_description":"La confidencialidad y la seguridad son valores primordiales de AMANTO SERVICIOS TOLEDO, SL y, en consecuencia, asumimos el compromiso de garantizar la privacidad del Usuario en todo momento y de no recabar informaci\u00f3n innecesaria. A continuaci\u00f3n, le proporcionamos toda la informaci\u00f3n necesaria sobre nuestra Pol\u00edtica de Privacidad en relaci\u00f3n con los datos personales que recabamos,&#46;&#46;&#46;","og_url":"https:\/\/hostalnogueras3.com\/en\/politica-de-privacidad\/","og_site_name":"Hostal Nogueras 3","article_publisher":"https:\/\/www.facebook.com\/people\/Hostal-Nogueras-3\/100090153330757\/","article_modified_time":"2023-01-19T17:16:44+00:00","twitter_card":"summary_large_image","twitter_misc":{"Estimated reading time":"6 minutes"},"schema":{"@context":"https:\/\/schema.org","@graph":[{"@type":"WebPage","@id":"https:\/\/hostalnogueras3.com\/politica-de-privacidad\/","url":"https:\/\/hostalnogueras3.com\/politica-de-privacidad\/","name":"Pol\u00edtica de Privacidad - Hostal Nogueras 3","isPartOf":{"@id":"https:\/\/hostalnogueras3.com\/es_es\/#website"},"datePublished":"2022-11-01T13:25:15+00:00","dateModified":"2023-01-19T17:16:44+00:00","breadcrumb":{"@id":"https:\/\/hostalnogueras3.com\/politica-de-privacidad\/#breadcrumb"},"inLanguage":"en-GB","potentialAction":[{"@type":"ReadAction","target":["https:\/\/hostalnogueras3.com\/politica-de-privacidad\/"]}]},{"@type":"BreadcrumbList","@id":"https:\/\/hostalnogueras3.com\/politica-de-privacidad\/#breadcrumb","itemListElement":[{"@type":"ListItem","position":1,"name":"Home","item":"https:\/\/hostalnogueras3.com\/"},{"@type":"ListItem","position":2,"name":"Pol\u00edtica de Privacidad"}]},{"@type":"WebSite","@id":"https:\/\/hostalnogueras3.com\/es_es\/#website","url":"https:\/\/hostalnogueras3.com\/es_es\/","name":"Hostal Nogueras 3","description":"SIEMPRE HAY TIEMPO PARA UN BUEN DESCANSO","publisher":{"@id":"https:\/\/hostalnogueras3.com\/es_es\/#organization"},"potentialAction":[{"@type":"SearchAction","target":{"@type":"EntryPoint","urlTemplate":"https:\/\/hostalnogueras3.com\/es_es\/?s={search_term_string}"},"query-input":"required name=search_term_string"}],"inLanguage":"en-GB"},{"@type":"Organization","@id":"https:\/\/hostalnogueras3.com\/es_es\/#organization","name":"HOSTAL NOGUERAS3","url":"https:\/\/hostalnogueras3.com\/es_es\/","logo":{"@type":"ImageObject","inLanguage":"en-GB","@id":"https:\/\/hostalnogueras3.com\/es_es\/#\/schema\/logo\/image\/","url":"http:\/\/hostalnogueras3.com\/wp-content\/uploads\/2022\/11\/FAVICON-HostalNogueras3..png","contentUrl":"http:\/\/hostalnogueras3.com\/wp-content\/uploads\/2022\/11\/FAVICON-HostalNogueras3..png","width":6047,"height":6047,"caption":"HOSTAL NOGUERAS3"},"image":{"@id":"https:\/\/hostalnogueras3.com\/es_es\/#\/schema\/logo\/image\/"},"sameAs":["https:\/\/www.facebook.com\/people\/Hostal-Nogueras-3\/100090153330757\/","https:\/\/api.whatsapp.com\/send\/?phone=34644153813&text=Hola&type=phone_number&app_absent=0"]}]}},"_links":{"self":[{"href":"https:\/\/hostalnogueras3.com\/en\/wp-json\/wp\/v2\/pages\/3"}],"collection":[{"href":"https:\/\/hostalnogueras3.com\/en\/wp-json\/wp\/v2\/pages"}],"about":[{"href":"https:\/\/hostalnogueras3.com\/en\/wp-json\/wp\/v2\/types\/page"}],"author":[{"embeddable":true,"href":"https:\/\/hostalnogueras3.com\/en\/wp-json\/wp\/v2\/users\/14"}],"replies":[{"embeddable":true,"href":"https:\/\/hostalnogueras3.com\/en\/wp-json\/wp\/v2\/comments?post=3"}],"version-history":[{"count":0,"href":"https:\/\/hostalnogueras3.com\/en\/wp-json\/wp\/v2\/pages\/3\/revisions"}],"wp:attachment":[{"href":"https:\/\/hostalnogueras3.com\/en\/wp-json\/wp\/v2\/media?parent=3"}],"curies":[{"name":"wp","href":"https:\/\/api.w.org\/{rel}","templated":true}]}}