{"id":2,"date":"2022-11-01T13:25:15","date_gmt":"2022-11-01T13:25:15","guid":{"rendered":"http:\/\/hostalnogueras3.com\/?page_id=2"},"modified":"2023-01-31T09:08:30","modified_gmt":"2023-01-31T09:08:30","slug":"aviso-legal","status":"publish","type":"page","link":"https:\/\/hostalnogueras3.com\/es_es\/aviso-legal\/","title":{"rendered":"Aviso Legal"},"content":{"rendered":"\n<p><br>Esta p\u00e1gina Web es propiedad de AMANTO SERVICIOS TOLEDO, SL con NIF n\u00ba B45648425 y domicilio en CL VALDECELADA N\u00ba6 45007 Toledo ( TOLEDO ) e Inscrita en el Registro Mercantil de Toledo en el Tomo 1395, Libro 0 ,Folio 166 ,Hoja TO-27307&nbsp;<\/p>\n\n\n\n<p>Para cualquier consulta o propuesta, cont\u00e1ctenos en el e-mail: <a href=\"mailto:admin@amanto.es\" target=\"_blank\" rel=\"noreferrer noopener\">admin@amanto.es<\/a> <\/p>\n\n\n\n<p>Esta p\u00e1gina Web se rige por la normativa exclusivamente aplicable en Espa\u00f1a, quedando sometida a ella, tanto nacionales como extranjeros que utilicen esta Web. <\/p>\n\n\n\n<p>El acceso a nuestra p\u00e1gina Web por parte del USUARIO es gratuito y est\u00e1 condicionado a la previa lectura y aceptaci\u00f3n integra, expresa y sin reservas de las presentes CONDICIONES GENERALES DE USO vigentes en el momento del acceso, que rogamos lea detenidamente. <\/p>\n\n\n\n<p>El USUARIO en el momento que utiliza nuestro portal, sus contenidos o servicios, acepta y se somete expresamente a las condiciones generales de uso del mismo. Si el usuario no estuviere de acuerdo con las presentes condiciones de uso, deber\u00e1 abstenerse de utilizar este portal y operar por medio del mismo.<br>En cualquier momento podremos modificar la presentaci\u00f3n y configuraci\u00f3n de nuestra Web, ampliar o reducir servicios, e incluso suprimirla de la Red, as\u00ed como los servicios y contenidos prestados, todo ello de forma unilateral y sin previo aviso. <\/p>\n\n\n\n<blockquote class=\"wp-block-quote\">\n<p>PROPIEDAD INTELECTUAL<\/p>\n\n\n\n<p>Todos los contenidos, textos, im\u00e1genes, marcas y c\u00f3digos fuente son de nuestra propiedad o de terceros a los que se han adquirido sus derechos de explotaci\u00f3n, y est\u00e1n protegidos por los derechos de Propiedad Intelectual e Industrial.<br>El usuario \u00fanicamente tiene derecho a un uso privado de los mismos, sin \u00e1nimo de lucro, y necesita autorizaci\u00f3n expresa para modificarlos, reproducirlos, explotarlos, distribuirlos o ejercer cualquier derecho perteneciente a su titular.<\/p>\n\n\n\n<p>CONDICIONES DE ACCESO<\/p>\n\n\n\n<p>El acceso a nuestra p\u00e1gina Web es gratuito y no exige previa suscripci\u00f3n o registro. El env\u00edo de datos personales implica la aceptaci\u00f3n expresa por parte del USUARIO de nuestra pol\u00edtica de privacidad.<br>El usuario debe acceder a nuestra p\u00e1gina Web conforme a la buena fe, las normas de orden p\u00fablico y a las presentes Condiciones Generales de uso. El acceso a nuestro sitio Web se realiza bajo la propia y exclusiva responsabilidad del usuario, que responder\u00e1 en todo caso de los da\u00f1os y perjuicios que pueda causar a terceros o a nosotros mismos.<br>Teniendo en cuenta la imposibilidad de control respecto a la informaci\u00f3n, contenidos y servicios que contengan otras p\u00e1ginas web a los que se pueda acceder a trav\u00e9s de los enlaces que nuestra p\u00e1gina web pueda poner a su disposici\u00f3n, le comunicamos que quedamos eximidos de cualquier responsabilidad por los da\u00f1os y perjuicios de toda clase que pudiesen derivar por la utilizaci\u00f3n de esas p\u00e1ginas web, ajenas a nuestra empresa, por parte del usuario.<\/p>\n<\/blockquote>\n","protected":false},"excerpt":{"rendered":"<p>Esta p\u00e1gina Web es propiedad de AMANTO SERVICIOS TOLEDO, SL con NIF n\u00ba B45648425 y domicilio en CL VALDECELADA N\u00ba6 45007 Toledo ( TOLEDO ) e Inscrita en el Registro Mercantil de Toledo en el Tomo 1395, Libro 0 ,Folio 166 ,Hoja TO-27307&nbsp; Para cualquier consulta o propuesta, cont\u00e1ctenos en el e-mail: admin@amanto.es Esta p\u00e1gina&#46;&#46;&#46;<\/p>\n","protected":false},"author":14,"featured_media":0,"parent":0,"menu_order":0,"comment_status":"closed","ping_status":"closed","template":"","meta":{"_eb_attr":"","footnotes":""},"yoast_head":"<!-- This site is optimized with the Yoast SEO plugin v22.6 - https:\/\/yoast.com\/wordpress\/plugins\/seo\/ -->\n<title>Aviso Legal - Hostal Nogueras 3<\/title>\n<meta name=\"robots\" content=\"index, follow, max-snippet:-1, max-image-preview:large, max-video-preview:-1\" \/>\n<link rel=\"canonical\" href=\"https:\/\/hostalnogueras3.com\/es_es\/aviso-legal\/\" \/>\n<meta property=\"og:locale\" content=\"es_ES\" \/>\n<meta property=\"og:type\" content=\"article\" \/>\n<meta property=\"og:title\" content=\"Aviso Legal - Hostal Nogueras 3\" \/>\n<meta property=\"og:description\" content=\"Esta p\u00e1gina Web es propiedad de AMANTO SERVICIOS TOLEDO, SL con NIF n\u00ba B45648425 y domicilio en CL VALDECELADA N\u00ba6 45007 Toledo ( TOLEDO ) e Inscrita en el Registro Mercantil de Toledo en el Tomo 1395, Libro 0 ,Folio 166 ,Hoja TO-27307&nbsp; Para cualquier consulta o propuesta, cont\u00e1ctenos en el e-mail: admin@amanto.es Esta p\u00e1gina&#046;&#046;&#046;\" \/>\n<meta property=\"og:url\" content=\"https:\/\/hostalnogueras3.com\/es_es\/aviso-legal\/\" \/>\n<meta property=\"og:site_name\" content=\"Hostal Nogueras 3\" \/>\n<meta property=\"article:publisher\" content=\"https:\/\/www.facebook.com\/people\/Hostal-Nogueras-3\/100090153330757\/\" \/>\n<meta property=\"article:modified_time\" content=\"2023-01-31T09:08:30+00:00\" \/>\n<meta name=\"twitter:card\" content=\"summary_large_image\" \/>\n<meta name=\"twitter:label1\" content=\"Tiempo de lectura\" \/>\n\t<meta name=\"twitter:data1\" content=\"3 minutos\" \/>\n<script type=\"application\/ld+json\" class=\"yoast-schema-graph\">{\"@context\":\"https:\/\/schema.org\",\"@graph\":[{\"@type\":\"WebPage\",\"@id\":\"https:\/\/hostalnogueras3.com\/aviso-legal\/\",\"url\":\"https:\/\/hostalnogueras3.com\/aviso-legal\/\",\"name\":\"Aviso Legal - Hostal Nogueras 3\",\"isPartOf\":{\"@id\":\"https:\/\/hostalnogueras3.com\/es_es\/#website\"},\"datePublished\":\"2022-11-01T13:25:15+00:00\",\"dateModified\":\"2023-01-31T09:08:30+00:00\",\"breadcrumb\":{\"@id\":\"https:\/\/hostalnogueras3.com\/aviso-legal\/#breadcrumb\"},\"inLanguage\":\"es\",\"potentialAction\":[{\"@type\":\"ReadAction\",\"target\":[\"https:\/\/hostalnogueras3.com\/aviso-legal\/\"]}]},{\"@type\":\"BreadcrumbList\",\"@id\":\"https:\/\/hostalnogueras3.com\/aviso-legal\/#breadcrumb\",\"itemListElement\":[{\"@type\":\"ListItem\",\"position\":1,\"name\":\"Home\",\"item\":\"https:\/\/hostalnogueras3.com\/\"},{\"@type\":\"ListItem\",\"position\":2,\"name\":\"Aviso Legal\"}]},{\"@type\":\"WebSite\",\"@id\":\"https:\/\/hostalnogueras3.com\/es_es\/#website\",\"url\":\"https:\/\/hostalnogueras3.com\/es_es\/\",\"name\":\"Hostal Nogueras 3\",\"description\":\"SIEMPRE HAY TIEMPO PARA UN BUEN DESCANSO\",\"publisher\":{\"@id\":\"https:\/\/hostalnogueras3.com\/es_es\/#organization\"},\"potentialAction\":[{\"@type\":\"SearchAction\",\"target\":{\"@type\":\"EntryPoint\",\"urlTemplate\":\"https:\/\/hostalnogueras3.com\/es_es\/?s={search_term_string}\"},\"query-input\":\"required name=search_term_string\"}],\"inLanguage\":\"es\"},{\"@type\":\"Organization\",\"@id\":\"https:\/\/hostalnogueras3.com\/es_es\/#organization\",\"name\":\"HOSTAL NOGUERAS3\",\"url\":\"https:\/\/hostalnogueras3.com\/es_es\/\",\"logo\":{\"@type\":\"ImageObject\",\"inLanguage\":\"es\",\"@id\":\"https:\/\/hostalnogueras3.com\/es_es\/#\/schema\/logo\/image\/\",\"url\":\"http:\/\/hostalnogueras3.com\/wp-content\/uploads\/2022\/11\/FAVICON-HostalNogueras3..png\",\"contentUrl\":\"http:\/\/hostalnogueras3.com\/wp-content\/uploads\/2022\/11\/FAVICON-HostalNogueras3..png\",\"width\":6047,\"height\":6047,\"caption\":\"HOSTAL NOGUERAS3\"},\"image\":{\"@id\":\"https:\/\/hostalnogueras3.com\/es_es\/#\/schema\/logo\/image\/\"},\"sameAs\":[\"https:\/\/www.facebook.com\/people\/Hostal-Nogueras-3\/100090153330757\/\",\"https:\/\/api.whatsapp.com\/send\/?phone=34644153813&text=Hola&type=phone_number&app_absent=0\"]}]}<\/script>\n<!-- \/ Yoast SEO plugin. -->","yoast_head_json":{"title":"Aviso Legal - Hostal Nogueras 3","robots":{"index":"index","follow":"follow","max-snippet":"max-snippet:-1","max-image-preview":"max-image-preview:large","max-video-preview":"max-video-preview:-1"},"canonical":"https:\/\/hostalnogueras3.com\/es_es\/aviso-legal\/","og_locale":"es_ES","og_type":"article","og_title":"Aviso Legal - Hostal Nogueras 3","og_description":"Esta p\u00e1gina Web es propiedad de AMANTO SERVICIOS TOLEDO, SL con NIF n\u00ba B45648425 y domicilio en CL VALDECELADA N\u00ba6 45007 Toledo ( TOLEDO ) e Inscrita en el Registro Mercantil de Toledo en el Tomo 1395, Libro 0 ,Folio 166 ,Hoja TO-27307&nbsp; Para cualquier consulta o propuesta, cont\u00e1ctenos en el e-mail: admin@amanto.es Esta p\u00e1gina&#46;&#46;&#46;","og_url":"https:\/\/hostalnogueras3.com\/es_es\/aviso-legal\/","og_site_name":"Hostal Nogueras 3","article_publisher":"https:\/\/www.facebook.com\/people\/Hostal-Nogueras-3\/100090153330757\/","article_modified_time":"2023-01-31T09:08:30+00:00","twitter_card":"summary_large_image","twitter_misc":{"Tiempo de lectura":"3 minutos"},"schema":{"@context":"https:\/\/schema.org","@graph":[{"@type":"WebPage","@id":"https:\/\/hostalnogueras3.com\/aviso-legal\/","url":"https:\/\/hostalnogueras3.com\/aviso-legal\/","name":"Aviso Legal - Hostal Nogueras 3","isPartOf":{"@id":"https:\/\/hostalnogueras3.com\/es_es\/#website"},"datePublished":"2022-11-01T13:25:15+00:00","dateModified":"2023-01-31T09:08:30+00:00","breadcrumb":{"@id":"https:\/\/hostalnogueras3.com\/aviso-legal\/#breadcrumb"},"inLanguage":"es","potentialAction":[{"@type":"ReadAction","target":["https:\/\/hostalnogueras3.com\/aviso-legal\/"]}]},{"@type":"BreadcrumbList","@id":"https:\/\/hostalnogueras3.com\/aviso-legal\/#breadcrumb","itemListElement":[{"@type":"ListItem","position":1,"name":"Home","item":"https:\/\/hostalnogueras3.com\/"},{"@type":"ListItem","position":2,"name":"Aviso Legal"}]},{"@type":"WebSite","@id":"https:\/\/hostalnogueras3.com\/es_es\/#website","url":"https:\/\/hostalnogueras3.com\/es_es\/","name":"Hostal Nogueras 3","description":"SIEMPRE HAY TIEMPO PARA UN BUEN DESCANSO","publisher":{"@id":"https:\/\/hostalnogueras3.com\/es_es\/#organization"},"potentialAction":[{"@type":"SearchAction","target":{"@type":"EntryPoint","urlTemplate":"https:\/\/hostalnogueras3.com\/es_es\/?s={search_term_string}"},"query-input":"required name=search_term_string"}],"inLanguage":"es"},{"@type":"Organization","@id":"https:\/\/hostalnogueras3.com\/es_es\/#organization","name":"HOSTAL NOGUERAS3","url":"https:\/\/hostalnogueras3.com\/es_es\/","logo":{"@type":"ImageObject","inLanguage":"es","@id":"https:\/\/hostalnogueras3.com\/es_es\/#\/schema\/logo\/image\/","url":"http:\/\/hostalnogueras3.com\/wp-content\/uploads\/2022\/11\/FAVICON-HostalNogueras3..png","contentUrl":"http:\/\/hostalnogueras3.com\/wp-content\/uploads\/2022\/11\/FAVICON-HostalNogueras3..png","width":6047,"height":6047,"caption":"HOSTAL NOGUERAS3"},"image":{"@id":"https:\/\/hostalnogueras3.com\/es_es\/#\/schema\/logo\/image\/"},"sameAs":["https:\/\/www.facebook.com\/people\/Hostal-Nogueras-3\/100090153330757\/","https:\/\/api.whatsapp.com\/send\/?phone=34644153813&text=Hola&type=phone_number&app_absent=0"]}]}},"_links":{"self":[{"href":"https:\/\/hostalnogueras3.com\/es_es\/wp-json\/wp\/v2\/pages\/2"}],"collection":[{"href":"https:\/\/hostalnogueras3.com\/es_es\/wp-json\/wp\/v2\/pages"}],"about":[{"href":"https:\/\/hostalnogueras3.com\/es_es\/wp-json\/wp\/v2\/types\/page"}],"author":[{"embeddable":true,"href":"https:\/\/hostalnogueras3.com\/es_es\/wp-json\/wp\/v2\/users\/14"}],"replies":[{"embeddable":true,"href":"https:\/\/hostalnogueras3.com\/es_es\/wp-json\/wp\/v2\/comments?post=2"}],"version-history":[{"count":0,"href":"https:\/\/hostalnogueras3.com\/es_es\/wp-json\/wp\/v2\/pages\/2\/revisions"}],"wp:attachment":[{"href":"https:\/\/hostalnogueras3.com\/es_es\/wp-json\/wp\/v2\/media?parent=2"}],"curies":[{"name":"wp","href":"https:\/\/api.w.org\/{rel}","templated":true}]}}