{"id":3,"date":"2022-11-01T13:25:15","date_gmt":"2022-11-01T13:25:15","guid":{"rendered":"http:\/\/hostalnogueras3.com\/?page_id=3"},"modified":"2023-01-19T17:16:44","modified_gmt":"2023-01-19T17:16:44","slug":"politica-de-privacidad","status":"publish","type":"page","link":"https:\/\/hostalnogueras3.com\/es_es\/politica-de-privacidad\/","title":{"rendered":"Pol\u00edtica de Privacidad"},"content":{"rendered":"\t\t<div data-elementor-type=\"wp-page\" data-elementor-id=\"3\" class=\"elementor elementor-3\">\n\t\t\t\t\t\t<section class=\"elementor-section elementor-top-section elementor-element elementor-element-2b11b202 elementor-section-boxed elementor-section-height-default elementor-section-height-default\" data-id=\"2b11b202\" data-element_type=\"section\">\n\t\t\t\t\t\t<div class=\"elementor-container elementor-column-gap-default\">\n\t\t\t\t\t<div class=\"elementor-column elementor-col-100 elementor-top-column elementor-element elementor-element-7efdf523\" data-id=\"7efdf523\" data-element_type=\"column\">\n\t\t\t<div class=\"elementor-widget-wrap elementor-element-populated\">\n\t\t\t\t\t\t<div class=\"elementor-element elementor-element-7d1e047d elementor-widget elementor-widget-text-editor\" data-id=\"7d1e047d\" data-element_type=\"widget\" data-widget_type=\"text-editor.default\">\n\t\t\t\t<div class=\"elementor-widget-container\">\n\t\t\t\t\t\t\t\t\t<p><\/p>\n<p>La confidencialidad y la seguridad son valores primordiales de AMANTO SERVICIOS TOLEDO, SL y, en consecuencia, asumimos el compromiso de garantizar la privacidad del Usuario en todo momento y de no recabar informaci\u00f3n innecesaria. A continuaci\u00f3n, le proporcionamos toda la informaci\u00f3n necesaria sobre nuestra Pol\u00edtica de Privacidad en relaci\u00f3n con los datos personales que recabamos, explic\u00e1ndole:<\/p>\n<ul>\n<li>Qui\u00e9n es el responsable del tratamiento de sus datos.<\/li>\n<li>Para qu\u00e9 finalidades recabamos los datos que le solicitamos.<\/li>\n<li>Cu\u00e1l es la legitimaci\u00f3n para su tratamiento.<\/li>\n<li>Durante cu\u00e1nto tiempo los conservamos.<\/li>\n<li>A qu\u00e9 destinatarios se comunican sus datos.<\/li>\n<li>Cu\u00e1les son sus derechos y c\u00f3mo ejercerlos.<\/li>\n<\/ul>\n<p>\u00a0<\/p>\n<p><strong>RESPONSABLE<\/strong>: ver datos en el encabezamiento.<\/p>\n<p><strong>FINALIDADES, LEGITIMACI\u00d3N Y CONSERVACI\u00d3N<\/strong>\u00a0 de los tratamientos de los datos enviados a trav\u00e9s de:<\/p>\n<ol>\n<li><strong>Formulario de Contacto.<\/strong><br \/><strong>Finalidad<\/strong>: Facilitarle un medio para que pueda ponerse en contacto con nosotros y contestar a sus solicitudes de informaci\u00f3n, as\u00ed como enviarle comunicaciones de nuestros productos, servicios y\u00a0 actividades, inclusive por medios electr\u00f3nicos (correo electr\u00f3nico, SMS, etc.), si marca la casilla de aceptaci\u00f3n. <strong>Legitimaci\u00f3n<\/strong>: El consentimiento del usuario al solicitarnos informaci\u00f3n a trav\u00e9s de nuestro formulario de contactos y al marcar la casilla de aceptaci\u00f3n de env\u00edo de informaci\u00f3n. <strong>Conservaci\u00f3n<\/strong>: Una vez resuelta su solicitud por medio de nuestro formulario o contestada por correo electr\u00f3nico, si no ha generado un nuevo tratamiento, y en caso de haber aceptado recibir env\u00edos comerciales, hasta que solicite la baja de los mismos.<\/li>\n<li><strong>Env\u00edo de correos electr\u00f3nicos.<\/strong><br \/><strong>Finalidad<\/strong>: Contestar a sus solicitudes de informaci\u00f3n, atender sus peticiones y responder sus consultas o dudas.\u00a0\u00a0En caso de recibir su Curr\u00edculum Vitae, sus datos personales y curriculares podr\u00e1n formar parte de nuestras bases de datos para participar en nuestros procesos de selecci\u00f3n presentes y futuros. <strong>Legitimaci\u00f3n<\/strong>: El consentimiento del usuario al solicitarnos informaci\u00f3n a\u00a0trav\u00e9s de la direcci\u00f3n de correo electr\u00f3nico o enviarnos sus datos y CV para\u00a0participar en nuestros procesos de selecci\u00f3n. <strong>Conservaci\u00f3n<\/strong>: Una vez resulta contestada su petici\u00f3n por correo electr\u00f3nico, si no ha generado un nuevo tratamiento. En el caso de recibir su CV, sus datos podr\u00e1n ser\u00a0 conservados durante un a\u00f1o m\u00e1ximo para futuros procesos de selecci\u00f3n.<\/li>\n<\/ol>\n<p><strong>Obligaci\u00f3n de facilitarnos sus datos personales y consecuencias de no hacerlo.<\/strong><\/p>\n<p><\/p>\n<p>El suministro de datos personales requiere una edad m\u00ednima de 14 a\u00f1os o, en su caso, la edad m\u00ednima que establezca la normativa de protecci\u00f3n de\u00a0 datos aplicable y\/o disponer de capacidad jur\u00eddica suficiente para contratar.<\/p>\n<p><\/p>\n<p>Los datos personales solicitados son necesarios para gestionar sus solicitudes, darle de alta como usuario y\/o prestarle los servicios que pueda contratar, por lo que, si no nos los facilita, no podremos atenderle correctamente ni prestarle el servicio que ha solicitado.<\/p>\n<p><\/p>\n<p>En todo caso, nos reservamos el derecho de decidir sobre la incorporaci\u00f3n o no de sus datos personales y dem\u00e1s informaci\u00f3n a nuestras bases de datos.\u00a0<\/p>\n<p><\/p>\n<p><strong>DESTINATARIOS DE SUS DATOS.<\/strong><br \/>Sus datos son confidenciales y no se ceder\u00e1n a terceros, salvo que exista\u00a0 obligaci\u00f3n legal.<\/p>\n<p><\/p>\n<p><strong>COOKIES<\/strong><br \/>Esta p\u00e1gina Web puede utilizar cookies pero que en ning\u00fan caso tratan datos de car\u00e1cter personal, captan h\u00e1bitos de navegaci\u00f3n del usuario ni son utilizadas con fines publicitarios, y que por lo tanto quedan exceptuadas del cumplimiento de las obligaciones establecidas en el art\u00edculo 22 de la Ley de Servicios de la Sociedad de la Informaci\u00f3n. No obstante, el usuario consiente el uso de las cookies que nos permitan la comunicaci\u00f3n entre el equipo del usuario y la red, prestar un servicio expresamente solicitado por el usuario, la autenticaci\u00f3n o identificaci\u00f3n de usuario (\u00fanicamente de sesi\u00f3n), dar seguridad al usuario, sesiones de reproductor multimedia, sesiones para equilibrar la carga, la personalizaci\u00f3n de la interfaz de usuario y de complementos (plug-in) e intercambiar contenidos sociales. De todas formas, el usuario si lo desea puede desactivar y\/o eliminar estas cookies siguiendo las instrucciones de su navegador de Internet.<\/p>\n<p><\/p>\n<p><strong>DERECHOS EN RELACI\u00d3N CON SUS DATOS PERSONALES.<\/strong><br \/>Cualquier persona puede retirar su consentimiento en cualquier momento, cuando el mismo se haya otorgado para el tratamiento de sus datos. En ning\u00fan caso, la retirada de este consentimiento condiciona la ejecuci\u00f3n del contrato de suscripci\u00f3n o las relaciones generadas con anterioridad.<\/p>\n<p><\/p>\n<p>Igualmente, puede ejercer los siguientes derechos:<\/p>\n<p><\/p>\n<p>\uf0b7 Solicitar el acceso a sus datos personales o su rectificaci\u00f3n cuando sean inexactos.<\/p>\n<p><\/p>\n<p>\uf0b7 Solicitar su supresi\u00f3n cuando, entre otros motivos, los datos ya no sean necesarios para los fines para los que fueron recogidos.<\/p>\n<p><\/p>\n<p>\uf0b7 Solicitar la limitaci\u00f3n de su tratamiento en determinadas circunstancias.<\/p>\n<p><\/p>\n<p>\uf0b7 Solicitar la oposici\u00f3n al tratamiento de sus datos por motivos relacionados con su situaci\u00f3n particular.<\/p>\n<p><\/p>\n<p>\uf0b7 Solicitar la portabilidad de los datos en los casos previstos en la normativa.<\/p>\n<p><\/p>\n<p>\uf0b7 Otros derechos reconocidos en las normativas aplicables.<\/p>\n<p><\/p>\n<p><strong>D\u00f3nde y c\u00f3mo solicitar sus Derechos:<\/strong> Mediante un escrito dirigido al responsable a su direcci\u00f3n postal o electr\u00f3nica (indicadas en el apartado A), indicando la referencia \u201cDatos Personales\u201d, especificando el derecho que se quiere ejercer y respecto a qu\u00e9 datos personales.<\/p>\n<p><\/p>\n<p>En caso de divergencias con la empresa en relaci\u00f3n con el tratamiento de sus datos, puede presentar una reclamaci\u00f3n ante la Agencia de Protecci\u00f3n de Datos (www.agpd.es).<\/p>\n<p><\/p>\n<p><strong>SEGURIDAD DE SUS DATOS PERSONALES<\/strong><br \/>Con el objetivo de salvaguardar la seguridad de sus datos personales, le informamos que hemos adoptado todas las medidas de \u00edndole t\u00e9cnica y organizativa necesarias para garantizar la seguridad de los datos personales suministrados de su alteraci\u00f3n, p\u00e9rdida y tratamientos o accesos no autorizados.<\/p>\n<p><\/p>\n<p><strong>ACTUALIZACI\u00d3N DE SUS DATOS<\/strong><br \/>Es importante que para que podamos mantener sus datos personales actualizados, nos informe siempre que haya habido alguna modificaci\u00f3n en ellos, en caso contrario, no respondemos de la veracidad de los mismos.<br \/>No nos hacemos responsables de la pol\u00edtica de privacidad respecto a los datos personales que pueda facilitar a terceros por medio de los enlaces disponibles en nuestra p\u00e1gina web.<br \/>La presente Pol\u00edtica de Privacidad ha sido modificada en fecha 19 de enero de 2023 y puede ser modificada para adaptarlas a los cambios que se produzca en nuestra web, as\u00ed como modificaciones legislativas o jurisprudenciales sobre datos personales que vayan apareciendo, por lo que exige su lectura, cada vez que nos facilite sus datos a trav\u00e9s de esta Web.<\/p>\n<p><strong>RESPONSABILIDADES<\/strong><br \/>Al poner a disposici\u00f3n del usuario esta p\u00e1gina Web queremos ofrecerle un servicio de calidad, utilizando la m\u00e1xima diligencia en la prestaci\u00f3n del mismo, as\u00ed como en los medios tecnol\u00f3gicos utilizados. No obstante, no responderemos de la presencia de virus y otros elementos que de alg\u00fan modo puedan da\u00f1ar el sistema inform\u00e1tico del usuario.<\/p>\n<p><\/p>\n<p>No garantizamos que la disponibilidad del servicio sea continua e ininterrumpida.<\/p>\n<p>El USUARIO tiene prohibido cualquier tipo de acci\u00f3n sobre nuestro portal que origine una excesiva sobrecarga de funcionamiento a nuestros sistemas inform\u00e1ticos, as\u00ed como la introducci\u00f3n de virus, o instalaci\u00f3n de robots, o software que altere el normal funcionamiento de nuestra web, o en definitiva pueda causar da\u00f1os a nuestros sistemas inform\u00e1ticos.<\/p>\n<p><\/p>\n<p>El USUARIO asume toda la responsabilidad derivada del uso de nuestra p\u00e1gina web.<\/p>\n<p>El USUARIO reconoce que ha entendido toda la informaci\u00f3n respecto a las condiciones de uso de nuestro portal, y reconoce que son suficientes para la exclusi\u00f3n del error en las mismas, y por lo tanto, las acepta integra y expresamente.<\/p>\n<p><\/p>\n<p><!-- \/wp:list --><\/p>\t\t\t\t\t\t\t\t<\/div>\n\t\t\t\t<\/div>\n\t\t\t\t\t<\/div>\n\t\t<\/div>\n\t\t\t\t\t<\/div>\n\t\t<\/section>\n\t\t\t\t<\/div>\n\t\t","protected":false},"excerpt":{"rendered":"<p>La confidencialidad y la seguridad son valores primordiales de AMANTO SERVICIOS TOLEDO, SL y, en consecuencia, asumimos el compromiso de garantizar la privacidad del Usuario en todo momento y de no recabar informaci\u00f3n innecesaria. A continuaci\u00f3n, le proporcionamos toda la informaci\u00f3n necesaria sobre nuestra Pol\u00edtica de Privacidad en relaci\u00f3n con los datos personales que recabamos,&#46;&#46;&#46;<\/p>\n","protected":false},"author":14,"featured_media":0,"parent":0,"menu_order":0,"comment_status":"closed","ping_status":"closed","template":"elementor_theme","meta":{"_eb_attr":"","footnotes":""},"yoast_head":"<!-- This site is optimized with the Yoast SEO plugin v22.6 - https:\/\/yoast.com\/wordpress\/plugins\/seo\/ -->\n<title>Pol\u00edtica de Privacidad - Hostal Nogueras 3<\/title>\n<meta name=\"robots\" content=\"index, follow, max-snippet:-1, max-image-preview:large, max-video-preview:-1\" \/>\n<link rel=\"canonical\" href=\"https:\/\/hostalnogueras3.com\/es_es\/politica-de-privacidad\/\" \/>\n<meta property=\"og:locale\" content=\"es_ES\" \/>\n<meta property=\"og:type\" content=\"article\" \/>\n<meta property=\"og:title\" content=\"Pol\u00edtica de Privacidad - Hostal Nogueras 3\" \/>\n<meta property=\"og:description\" content=\"La confidencialidad y la seguridad son valores primordiales de AMANTO SERVICIOS TOLEDO, SL y, en consecuencia, asumimos el compromiso de garantizar la privacidad del Usuario en todo momento y de no recabar informaci\u00f3n innecesaria. A continuaci\u00f3n, le proporcionamos toda la informaci\u00f3n necesaria sobre nuestra Pol\u00edtica de Privacidad en relaci\u00f3n con los datos personales que recabamos,&#046;&#046;&#046;\" \/>\n<meta property=\"og:url\" content=\"https:\/\/hostalnogueras3.com\/es_es\/politica-de-privacidad\/\" \/>\n<meta property=\"og:site_name\" content=\"Hostal Nogueras 3\" \/>\n<meta property=\"article:publisher\" content=\"https:\/\/www.facebook.com\/people\/Hostal-Nogueras-3\/100090153330757\/\" \/>\n<meta property=\"article:modified_time\" content=\"2023-01-19T17:16:44+00:00\" \/>\n<meta name=\"twitter:card\" content=\"summary_large_image\" \/>\n<meta name=\"twitter:label1\" content=\"Tiempo de lectura\" \/>\n\t<meta name=\"twitter:data1\" content=\"6 minutos\" \/>\n<script type=\"application\/ld+json\" class=\"yoast-schema-graph\">{\"@context\":\"https:\/\/schema.org\",\"@graph\":[{\"@type\":\"WebPage\",\"@id\":\"https:\/\/hostalnogueras3.com\/politica-de-privacidad\/\",\"url\":\"https:\/\/hostalnogueras3.com\/politica-de-privacidad\/\",\"name\":\"Pol\u00edtica de Privacidad - Hostal Nogueras 3\",\"isPartOf\":{\"@id\":\"https:\/\/hostalnogueras3.com\/es_es\/#website\"},\"datePublished\":\"2022-11-01T13:25:15+00:00\",\"dateModified\":\"2023-01-19T17:16:44+00:00\",\"breadcrumb\":{\"@id\":\"https:\/\/hostalnogueras3.com\/politica-de-privacidad\/#breadcrumb\"},\"inLanguage\":\"es\",\"potentialAction\":[{\"@type\":\"ReadAction\",\"target\":[\"https:\/\/hostalnogueras3.com\/politica-de-privacidad\/\"]}]},{\"@type\":\"BreadcrumbList\",\"@id\":\"https:\/\/hostalnogueras3.com\/politica-de-privacidad\/#breadcrumb\",\"itemListElement\":[{\"@type\":\"ListItem\",\"position\":1,\"name\":\"Home\",\"item\":\"https:\/\/hostalnogueras3.com\/\"},{\"@type\":\"ListItem\",\"position\":2,\"name\":\"Pol\u00edtica de Privacidad\"}]},{\"@type\":\"WebSite\",\"@id\":\"https:\/\/hostalnogueras3.com\/es_es\/#website\",\"url\":\"https:\/\/hostalnogueras3.com\/es_es\/\",\"name\":\"Hostal Nogueras 3\",\"description\":\"SIEMPRE HAY TIEMPO PARA UN BUEN DESCANSO\",\"publisher\":{\"@id\":\"https:\/\/hostalnogueras3.com\/es_es\/#organization\"},\"potentialAction\":[{\"@type\":\"SearchAction\",\"target\":{\"@type\":\"EntryPoint\",\"urlTemplate\":\"https:\/\/hostalnogueras3.com\/es_es\/?s={search_term_string}\"},\"query-input\":\"required name=search_term_string\"}],\"inLanguage\":\"es\"},{\"@type\":\"Organization\",\"@id\":\"https:\/\/hostalnogueras3.com\/es_es\/#organization\",\"name\":\"HOSTAL NOGUERAS3\",\"url\":\"https:\/\/hostalnogueras3.com\/es_es\/\",\"logo\":{\"@type\":\"ImageObject\",\"inLanguage\":\"es\",\"@id\":\"https:\/\/hostalnogueras3.com\/es_es\/#\/schema\/logo\/image\/\",\"url\":\"http:\/\/hostalnogueras3.com\/wp-content\/uploads\/2022\/11\/FAVICON-HostalNogueras3..png\",\"contentUrl\":\"http:\/\/hostalnogueras3.com\/wp-content\/uploads\/2022\/11\/FAVICON-HostalNogueras3..png\",\"width\":6047,\"height\":6047,\"caption\":\"HOSTAL NOGUERAS3\"},\"image\":{\"@id\":\"https:\/\/hostalnogueras3.com\/es_es\/#\/schema\/logo\/image\/\"},\"sameAs\":[\"https:\/\/www.facebook.com\/people\/Hostal-Nogueras-3\/100090153330757\/\",\"https:\/\/api.whatsapp.com\/send\/?phone=34644153813&text=Hola&type=phone_number&app_absent=0\"]}]}<\/script>\n<!-- \/ Yoast SEO plugin. -->","yoast_head_json":{"title":"Pol\u00edtica de Privacidad - Hostal Nogueras 3","robots":{"index":"index","follow":"follow","max-snippet":"max-snippet:-1","max-image-preview":"max-image-preview:large","max-video-preview":"max-video-preview:-1"},"canonical":"https:\/\/hostalnogueras3.com\/es_es\/politica-de-privacidad\/","og_locale":"es_ES","og_type":"article","og_title":"Pol\u00edtica de Privacidad - Hostal Nogueras 3","og_description":"La confidencialidad y la seguridad son valores primordiales de AMANTO SERVICIOS TOLEDO, SL y, en consecuencia, asumimos el compromiso de garantizar la privacidad del Usuario en todo momento y de no recabar informaci\u00f3n innecesaria. A continuaci\u00f3n, le proporcionamos toda la informaci\u00f3n necesaria sobre nuestra Pol\u00edtica de Privacidad en relaci\u00f3n con los datos personales que recabamos,&#46;&#46;&#46;","og_url":"https:\/\/hostalnogueras3.com\/es_es\/politica-de-privacidad\/","og_site_name":"Hostal Nogueras 3","article_publisher":"https:\/\/www.facebook.com\/people\/Hostal-Nogueras-3\/100090153330757\/","article_modified_time":"2023-01-19T17:16:44+00:00","twitter_card":"summary_large_image","twitter_misc":{"Tiempo de lectura":"6 minutos"},"schema":{"@context":"https:\/\/schema.org","@graph":[{"@type":"WebPage","@id":"https:\/\/hostalnogueras3.com\/politica-de-privacidad\/","url":"https:\/\/hostalnogueras3.com\/politica-de-privacidad\/","name":"Pol\u00edtica de Privacidad - Hostal Nogueras 3","isPartOf":{"@id":"https:\/\/hostalnogueras3.com\/es_es\/#website"},"datePublished":"2022-11-01T13:25:15+00:00","dateModified":"2023-01-19T17:16:44+00:00","breadcrumb":{"@id":"https:\/\/hostalnogueras3.com\/politica-de-privacidad\/#breadcrumb"},"inLanguage":"es","potentialAction":[{"@type":"ReadAction","target":["https:\/\/hostalnogueras3.com\/politica-de-privacidad\/"]}]},{"@type":"BreadcrumbList","@id":"https:\/\/hostalnogueras3.com\/politica-de-privacidad\/#breadcrumb","itemListElement":[{"@type":"ListItem","position":1,"name":"Home","item":"https:\/\/hostalnogueras3.com\/"},{"@type":"ListItem","position":2,"name":"Pol\u00edtica de Privacidad"}]},{"@type":"WebSite","@id":"https:\/\/hostalnogueras3.com\/es_es\/#website","url":"https:\/\/hostalnogueras3.com\/es_es\/","name":"Hostal Nogueras 3","description":"SIEMPRE HAY TIEMPO PARA UN BUEN DESCANSO","publisher":{"@id":"https:\/\/hostalnogueras3.com\/es_es\/#organization"},"potentialAction":[{"@type":"SearchAction","target":{"@type":"EntryPoint","urlTemplate":"https:\/\/hostalnogueras3.com\/es_es\/?s={search_term_string}"},"query-input":"required name=search_term_string"}],"inLanguage":"es"},{"@type":"Organization","@id":"https:\/\/hostalnogueras3.com\/es_es\/#organization","name":"HOSTAL NOGUERAS3","url":"https:\/\/hostalnogueras3.com\/es_es\/","logo":{"@type":"ImageObject","inLanguage":"es","@id":"https:\/\/hostalnogueras3.com\/es_es\/#\/schema\/logo\/image\/","url":"http:\/\/hostalnogueras3.com\/wp-content\/uploads\/2022\/11\/FAVICON-HostalNogueras3..png","contentUrl":"http:\/\/hostalnogueras3.com\/wp-content\/uploads\/2022\/11\/FAVICON-HostalNogueras3..png","width":6047,"height":6047,"caption":"HOSTAL NOGUERAS3"},"image":{"@id":"https:\/\/hostalnogueras3.com\/es_es\/#\/schema\/logo\/image\/"},"sameAs":["https:\/\/www.facebook.com\/people\/Hostal-Nogueras-3\/100090153330757\/","https:\/\/api.whatsapp.com\/send\/?phone=34644153813&text=Hola&type=phone_number&app_absent=0"]}]}},"_links":{"self":[{"href":"https:\/\/hostalnogueras3.com\/es_es\/wp-json\/wp\/v2\/pages\/3"}],"collection":[{"href":"https:\/\/hostalnogueras3.com\/es_es\/wp-json\/wp\/v2\/pages"}],"about":[{"href":"https:\/\/hostalnogueras3.com\/es_es\/wp-json\/wp\/v2\/types\/page"}],"author":[{"embeddable":true,"href":"https:\/\/hostalnogueras3.com\/es_es\/wp-json\/wp\/v2\/users\/14"}],"replies":[{"embeddable":true,"href":"https:\/\/hostalnogueras3.com\/es_es\/wp-json\/wp\/v2\/comments?post=3"}],"version-history":[{"count":0,"href":"https:\/\/hostalnogueras3.com\/es_es\/wp-json\/wp\/v2\/pages\/3\/revisions"}],"wp:attachment":[{"href":"https:\/\/hostalnogueras3.com\/es_es\/wp-json\/wp\/v2\/media?parent=3"}],"curies":[{"name":"wp","href":"https:\/\/api.w.org\/{rel}","templated":true}]}}